{"id":15629,"date":"2025-01-21T20:45:36","date_gmt":"2025-01-21T19:45:36","guid":{"rendered":"https:\/\/lightcoral-ferret-104848.hostingersite.com\/?post_type=product&#038;p=15629"},"modified":"2025-04-21T20:23:18","modified_gmt":"2025-04-21T18:23:18","slug":"creme-depigmentante-eclaircissante","status":"publish","type":"product","link":"https:\/\/nouriskin.ma\/index.php\/produit\/creme-depigmentante-eclaircissante\/","title":{"rendered":"CR\u00c8ME D\u00c9PIGMENTANTE &#8211; \u00c9CLAIRCISSANTE"},"content":{"rendered":"<p><img loading=\"lazy\" decoding=\"async\" class=\"alignnone wp-image-15831 size-full\" src=\"https:\/\/nouriskin.ma\/wp-content\/uploads\/2025\/01\/CREME-DEPIGMENTANTE-ECLAIRCISSANTE-1.webp\" alt=\"\" width=\"1366\" height=\"1941\" srcset=\"https:\/\/nouriskin.ma\/wp-content\/uploads\/2025\/01\/CREME-DEPIGMENTANTE-ECLAIRCISSANTE-1.webp 1366w, https:\/\/nouriskin.ma\/wp-content\/uploads\/2025\/01\/CREME-DEPIGMENTANTE-ECLAIRCISSANTE-1-211x300.webp 211w, https:\/\/nouriskin.ma\/wp-content\/uploads\/2025\/01\/CREME-DEPIGMENTANTE-ECLAIRCISSANTE-1-563x800.webp 563w, https:\/\/nouriskin.ma\/wp-content\/uploads\/2025\/01\/CREME-DEPIGMENTANTE-ECLAIRCISSANTE-1-768x1091.webp 768w, https:\/\/nouriskin.ma\/wp-content\/uploads\/2025\/01\/CREME-DEPIGMENTANTE-ECLAIRCISSANTE-1-1081x1536.webp 1081w, https:\/\/nouriskin.ma\/wp-content\/uploads\/2025\/01\/CREME-DEPIGMENTANTE-ECLAIRCISSANTE-1-430x611.webp 430w, https:\/\/nouriskin.ma\/wp-content\/uploads\/2025\/01\/CREME-DEPIGMENTANTE-ECLAIRCISSANTE-1-700x995.webp 700w, https:\/\/nouriskin.ma\/wp-content\/uploads\/2025\/01\/CREME-DEPIGMENTANTE-ECLAIRCISSANTE-1-150x213.webp 150w\" sizes=\"auto, (max-width: 1366px) 100vw, 1366px\" \/><\/p>\n<p><a href=\"https:\/\/wa.me\/+212666080130\"><img loading=\"lazy\" decoding=\"async\" class=\"alignnone wp-image-15838\" src=\"https:\/\/nouriskin.ma\/wp-content\/uploads\/2025\/01\/Wharsapp-400x119.webp\" alt=\"\" width=\"151\" height=\"45\" srcset=\"https:\/\/nouriskin.ma\/wp-content\/uploads\/2025\/01\/Wharsapp-400x119.webp 400w, https:\/\/nouriskin.ma\/wp-content\/uploads\/2025\/01\/Wharsapp-768x228.webp 768w, https:\/\/nouriskin.ma\/wp-content\/uploads\/2025\/01\/Wharsapp-430x127.webp 430w, https:\/\/nouriskin.ma\/wp-content\/uploads\/2025\/01\/Wharsapp-700x207.webp 700w, https:\/\/nouriskin.ma\/wp-content\/uploads\/2025\/01\/Wharsapp-150x44.webp 150w, https:\/\/nouriskin.ma\/wp-content\/uploads\/2025\/01\/Wharsapp.webp 1080w\" sizes=\"auto, (max-width: 151px) 100vw, 151px\" \/><\/a><\/p>\n","protected":false},"excerpt":{"rendered":"","protected":false},"featured_media":15617,"comment_status":"open","ping_status":"closed","template":"","meta":[],"product_brand":[],"product_cat":[76],"product_tag":[],"class_list":{"0":"post-15629","1":"product","2":"type-product","3":"status-publish","4":"has-post-thumbnail","6":"product_cat-nouriskin","8":"first","9":"instock","10":"shipping-taxable","11":"purchasable","12":"product-type-simple"},"jetpack_sharing_enabled":true,"_links":{"self":[{"href":"https:\/\/nouriskin.ma\/index.php\/wp-json\/wp\/v2\/product\/15629","targetHints":{"allow":["GET"]}}],"collection":[{"href":"https:\/\/nouriskin.ma\/index.php\/wp-json\/wp\/v2\/product"}],"about":[{"href":"https:\/\/nouriskin.ma\/index.php\/wp-json\/wp\/v2\/types\/product"}],"replies":[{"embeddable":true,"href":"https:\/\/nouriskin.ma\/index.php\/wp-json\/wp\/v2\/comments?post=15629"}],"version-history":[{"count":6,"href":"https:\/\/nouriskin.ma\/index.php\/wp-json\/wp\/v2\/product\/15629\/revisions"}],"predecessor-version":[{"id":15844,"href":"https:\/\/nouriskin.ma\/index.php\/wp-json\/wp\/v2\/product\/15629\/revisions\/15844"}],"wp:featuredmedia":[{"embeddable":true,"href":"https:\/\/nouriskin.ma\/index.php\/wp-json\/wp\/v2\/media\/15617"}],"wp:attachment":[{"href":"https:\/\/nouriskin.ma\/index.php\/wp-json\/wp\/v2\/media?parent=15629"}],"wp:term":[{"taxonomy":"product_brand","embeddable":true,"href":"https:\/\/nouriskin.ma\/index.php\/wp-json\/wp\/v2\/product_brand?post=15629"},{"taxonomy":"product_cat","embeddable":true,"href":"https:\/\/nouriskin.ma\/index.php\/wp-json\/wp\/v2\/product_cat?post=15629"},{"taxonomy":"product_tag","embeddable":true,"href":"https:\/\/nouriskin.ma\/index.php\/wp-json\/wp\/v2\/product_tag?post=15629"}],"curies":[{"name":"wp","href":"https:\/\/api.w.org\/{rel}","templated":true}]}}